{"id":150,"date":"2023-09-15T13:46:51","date_gmt":"2023-09-15T11:46:51","guid":{"rendered":"http:\/\/osf31.fr\/?page_id=150"},"modified":"2023-09-15T14:20:39","modified_gmt":"2023-09-15T12:20:39","slug":"osf31-a-10-ans","status":"publish","type":"page","link":"http:\/\/osf31.fr\/?page_id=150","title":{"rendered":"OSF31 a 10 ans"},"content":{"rendered":"<p style=\"text-align: left;\"><strong>\u00a0 \u00a0 \u00a0 \u00a0 \u00a0 \u00a0 \u00a0 \u00a0le SAMEDI 7 OCTOBRE \u00a02023 d\u00e8s 18H<\/strong><\/p>\n<p><img loading=\"lazy\" decoding=\"async\" class=\"alignnone wp-image-147\" src=\"http:\/\/osf31.fr\/wp-content\/uploads\/2023\/09\/verso-jpeg_0001-225x300.jpg\" alt=\"\" width=\"366\" height=\"488\" srcset=\"http:\/\/osf31.fr\/wp-content\/uploads\/2023\/09\/verso-jpeg_0001-225x300.jpg 225w, http:\/\/osf31.fr\/wp-content\/uploads\/2023\/09\/verso-jpeg_0001-768x1022.jpg 768w, http:\/\/osf31.fr\/wp-content\/uploads\/2023\/09\/verso-jpeg_0001-770x1024.jpg 770w, http:\/\/osf31.fr\/wp-content\/uploads\/2023\/09\/verso-jpeg_0001.jpg 832w\" sizes=\"auto, (max-width: 366px) 100vw, 366px\" \/><\/p>\n<p><img loading=\"lazy\" decoding=\"async\" class=\"alignnone wp-image-146\" src=\"http:\/\/osf31.fr\/wp-content\/uploads\/2023\/09\/recto-OSF31-jpeg_0001-215x300.jpg\" alt=\"\" width=\"362\" height=\"505\" srcset=\"http:\/\/osf31.fr\/wp-content\/uploads\/2023\/09\/recto-OSF31-jpeg_0001-215x300.jpg 215w, http:\/\/osf31.fr\/wp-content\/uploads\/2023\/09\/recto-OSF31-jpeg_0001-768x1071.jpg 768w, http:\/\/osf31.fr\/wp-content\/uploads\/2023\/09\/recto-OSF31-jpeg_0001-734x1024.jpg 734w, http:\/\/osf31.fr\/wp-content\/uploads\/2023\/09\/recto-OSF31-jpeg_0001.jpg 832w\" sizes=\"auto, (max-width: 362px) 100vw, 362px\" \/><\/p>\n<p style=\"text-align: left;\"><strong>r\u00e9servation demand\u00e9e par mail <\/strong><\/p>\n<p style=\"text-align: left;\"><strong>Osteopathie.solidarite.feminin31@gmail.com<\/strong><\/p>\n<p>&nbsp;<\/p>\n<p>&nbsp;<\/p>\n","protected":false},"excerpt":{"rendered":"<p>\u00a0 \u00a0 \u00a0 \u00a0 \u00a0 \u00a0 \u00a0 \u00a0le SAMEDI 7 OCTOBRE \u00a02023 d\u00e8s 18H r\u00e9servation demand\u00e9e par mail Osteopathie.solidarite.feminin31@gmail.com &nbsp; &nbsp;<\/p>\n","protected":false},"author":1,"featured_media":0,"parent":0,"menu_order":0,"comment_status":"closed","ping_status":"closed","template":"","meta":{"footnotes":""},"class_list":["post-150","page","type-page","status-publish","hentry"],"_links":{"self":[{"href":"http:\/\/osf31.fr\/index.php?rest_route=\/wp\/v2\/pages\/150","targetHints":{"allow":["GET"]}}],"collection":[{"href":"http:\/\/osf31.fr\/index.php?rest_route=\/wp\/v2\/pages"}],"about":[{"href":"http:\/\/osf31.fr\/index.php?rest_route=\/wp\/v2\/types\/page"}],"author":[{"embeddable":true,"href":"http:\/\/osf31.fr\/index.php?rest_route=\/wp\/v2\/users\/1"}],"replies":[{"embeddable":true,"href":"http:\/\/osf31.fr\/index.php?rest_route=%2Fwp%2Fv2%2Fcomments&post=150"}],"version-history":[{"count":18,"href":"http:\/\/osf31.fr\/index.php?rest_route=\/wp\/v2\/pages\/150\/revisions"}],"predecessor-version":[{"id":170,"href":"http:\/\/osf31.fr\/index.php?rest_route=\/wp\/v2\/pages\/150\/revisions\/170"}],"wp:attachment":[{"href":"http:\/\/osf31.fr\/index.php?rest_route=%2Fwp%2Fv2%2Fmedia&parent=150"}],"curies":[{"name":"wp","href":"https:\/\/api.w.org\/{rel}","templated":true}]}}