{"id":8,"date":"2017-12-10T18:23:40","date_gmt":"2017-12-10T17:23:40","guid":{"rendered":"http:\/\/osf31.fr\/?page_id=8"},"modified":"2023-09-15T13:24:17","modified_gmt":"2023-09-15T11:24:17","slug":"a-propos-de","status":"publish","type":"page","link":"http:\/\/osf31.fr\/?page_id=8","title":{"rendered":"Notre Action"},"content":{"rendered":"<p>L\u2019association a pour objet, sur le d\u00e9partement de la Haute-Garonne, d\u2019apporter une assistance dans le domaine de la sant\u00e9, en dispensant des soins ost\u00e9opathiques pr\u00e9ventifs ou th\u00e9rapeutiques aux femmes et aux enfants victimes de violence physique et psychologique.<\/p>\n<h2>Les objectifs poursuivis\u00a0:<\/h2>\n<ul>\n<li>Tous les jeudis, sur rendez-vous, les femmes et enfants b\u00e9n\u00e9ficiaires des associations Olympe de Olympe SAVIF ont la possibilit\u00e9 de consulter une ost\u00e9opathe,<\/li>\n<\/ul>\n<p>(3 consultations d\u2019une heure propos\u00e9es tous les jeudis).<\/p>\n<p>Une pi\u00e8ce sp\u00e9cialement am\u00e9nag\u00e9e au sein du Centre d\u2019h\u00e9bergement Olympe de Gouges, permet aux patientes de b\u00e9n\u00e9ficier d\u2019un traitement ost\u00e9opathique.<\/p>\n<p>Les rendez-vous peuvent \u00eatre pris toute la semaine aupr\u00e8s de la secr\u00e9taire de l\u2019association Olympe de Gouges, qui g\u00e8re le planning des ost\u00e9opathes et s\u2019occupe des participantes (rappels et accueil le jour J)<\/p>\n<ul>\n<li>Deux matin\u00e9es \u00a0par mois, l&rsquo;association dispense des soins d&rsquo;ost\u00e9opathie au centre Maternel Sainte Lucie \u00a0(3 consultations par matin\u00e9e)<\/li>\n<li>Une permanence par mois de 3 consultations est propos\u00e9e au centre colibri ainsi qu&rsquo;\u00e0 l&rsquo;amicale du nid<\/li>\n<\/ul>\n<p>Selon le probl\u00e8me de la patiente ou de ses enfants, il se verra proposer une \u00e0 trois s\u00e9ances rapproch\u00e9es, puis \u00e9ventuellement une s\u00e9ance annuelle d\u2019entretien.<\/p>\n<p>Tous les semestres, les \u00a0associations partenaires se r\u00e9unissent pour une \u00e9valuation. Celle-ci se fait sur la base de crit\u00e8res d\u00e9finis conjointement par les parties (taux de pr\u00e9sence aux rendez-vous, t\u00e9moignages, reprise de RDV, \u00e9volution de la patiente, etc.).<\/p>\n<p><strong><u>\u00a0<\/u><\/strong>Ponctuellement, dans un souci de pertinence et d\u2019efficacit\u00e9, les \u00e9quipes d\u2019OSF 31 ont la possibilit\u00e9 de rencontrer les associations partenaires pour \u00e9changer sur la situation d\u2019une ou plusieurs patientes qui n\u00e9cessiterait quelques pr\u00e9cisions.<\/p>\n<h4>LA FORMATION<\/h4>\n<p>Dans le cadre de l\u2019association, des formations sont propos\u00e9es aux ost\u00e9opathes b\u00e9n\u00e9voles pour p\u00e9renniser leur engagement et cr\u00e9er du lien entre professionnelles.<\/p>\n<p>Cette formation est importante pour permettre d\u2019ajuster au mieux la qualit\u00e9 de nos prises en charge.<\/p>\n<p>Nous souhaiterions proposer aux \u00a0ost\u00e9opathes adh\u00e9rentes de l association OSF31 des formations professionnelles de bonne qualit\u00e9.<\/p>\n<p>&nbsp;<\/p>\n","protected":false},"excerpt":{"rendered":"<p>L\u2019association a pour objet, sur le d\u00e9partement de la Haute-Garonne, d\u2019apporter une assistance dans le domaine de la sant\u00e9, en dispensant des soins ost\u00e9opathiques pr\u00e9ventifs ou th\u00e9rapeutiques aux femmes et aux enfants victimes de violence physique et psychologique. Les objectifs poursuivis\u00a0: Tous les jeudis, sur rendez-vous, les femmes et enfants b\u00e9n\u00e9ficiaires des associations Olympe de &hellip; <a href=\"http:\/\/osf31.fr\/?page_id=8\" class=\"more-link\">Continuer la lecture de <span class=\"screen-reader-text\">Notre Action<\/span>  <span class=\"meta-nav\">&rarr;<\/span><\/a><\/p>\n","protected":false},"author":1,"featured_media":0,"parent":0,"menu_order":0,"comment_status":"closed","ping_status":"closed","template":"","meta":{"footnotes":""},"class_list":["post-8","page","type-page","status-publish","hentry"],"_links":{"self":[{"href":"http:\/\/osf31.fr\/index.php?rest_route=\/wp\/v2\/pages\/8","targetHints":{"allow":["GET"]}}],"collection":[{"href":"http:\/\/osf31.fr\/index.php?rest_route=\/wp\/v2\/pages"}],"about":[{"href":"http:\/\/osf31.fr\/index.php?rest_route=\/wp\/v2\/types\/page"}],"author":[{"embeddable":true,"href":"http:\/\/osf31.fr\/index.php?rest_route=\/wp\/v2\/users\/1"}],"replies":[{"embeddable":true,"href":"http:\/\/osf31.fr\/index.php?rest_route=%2Fwp%2Fv2%2Fcomments&post=8"}],"version-history":[{"count":9,"href":"http:\/\/osf31.fr\/index.php?rest_route=\/wp\/v2\/pages\/8\/revisions"}],"predecessor-version":[{"id":141,"href":"http:\/\/osf31.fr\/index.php?rest_route=\/wp\/v2\/pages\/8\/revisions\/141"}],"wp:attachment":[{"href":"http:\/\/osf31.fr\/index.php?rest_route=%2Fwp%2Fv2%2Fmedia&parent=8"}],"curies":[{"name":"wp","href":"https:\/\/api.w.org\/{rel}","templated":true}]}}