{"id":9,"date":"2017-12-10T18:23:40","date_gmt":"2017-12-10T17:23:40","guid":{"rendered":"http:\/\/osf31.fr\/?page_id=9"},"modified":"2025-03-09T22:48:54","modified_gmt":"2025-03-09T21:48:54","slug":"contact","status":"publish","type":"page","link":"http:\/\/osf31.fr\/?page_id=9","title":{"rendered":"Nos Partenaires"},"content":{"rendered":"<ul>\n<li><strong><u>Association OLYMPE DE GOUGES\u00a0<\/u><\/strong><\/li>\n<\/ul>\n<p>Situ\u00e9e dans le quartier Saint Cyprien \u00e0 Toulouse, cette association s\u2019adresse \u00e0 des femmes sans enfant victimes de violences conjugales, qui viennent de quitter leur domicile et sont en r\u00e9elle difficult\u00e9s (souvent prises en charge par les urgences m\u00e9dicales).<\/p>\n<p>L\u2019objectif de l\u2019association est d\u2019accueillir, d\u2019h\u00e9berger, d\u2019accompagner et d\u2019aider ces femmes dans la r\u00e9alisation d\u2019un projet de vie, pour qu\u2019elles puissent se reconstruire socialement et professionnellement.<\/p>\n<p>Pour ce faire, Olympe de Gouges dispose d\u2019un centre d\u2019h\u00e9bergement et d\u2019un atelier d\u2019insertion attenant (Saladerie, Tarterie, Salon de th\u00e9).<\/p>\n<p><strong><u>Olympe SAVIF<\/u><\/strong>\u00a0(Stop A La Violence Intra Familiale)<\/p>\n<p>&#8211; <strong>Accueil, \u00e9coute et accompagnement<\/strong>\u00a0: soutien aux victimes, que ce soit sur le plan social, juridique, m\u00e9dical et r\u00e9insertion professionnelle.<\/p>\n<p>&#8211; <strong>Soutien \u00e0 la parentalit\u00e9 par le biais de groupes de paroles<\/strong>\u00a0: permet de responsabiliser les participantes et de restaurer une r\u00e9elle place de parent. En effet cette fonction, du fait des violences subies, est souvent profond\u00e9ment alt\u00e9r\u00e9e. Ainsi, ce soutien devient incontournable dans une perspective de pr\u00e9vention du danger sur les enfants.<\/p>\n<p>&#8211; <strong>Formation et sensibilisation<\/strong>\u00a0: Echange d\u2019informations, de propositions et d\u00e9veloppement d\u2019actions pour renforcer le soutien et l\u2019accompagnement de la victime dans ses besoins et dans ses droits.<\/p>\n<ul>\n<li><strong><u>Foyer maternel SAINTE LUCIE &#8211; LES TOURELLES \u00e0 Toulouse:<\/u><\/strong><\/li>\n<\/ul>\n<p><b>L\u2019accueil m\u00e8re-enfant a pour objectif d\u2019aider les femmes enceintes ou les m\u00e8res isol\u00e9es accompagn\u00e9es d\u2019enfants de moins de trois ans et qui ont besoin d\u2019un soutien mat\u00e9riel et psychologique, dans le but d\u2019\u00e9viter les abandons d\u2019enfants<\/b>.<\/p>\n<p>Les femmes accueillies peuvent \u00eatre h\u00e9berg\u00e9es en <b>foyer collectif ou dans un r\u00e9seau d&rsquo;appartements<\/b> et contribuent financi\u00e8rement \u00e0 leur prise en charge (le plus souvent gr\u00e2ce \u00e0 l&rsquo;allocation de parents isol\u00e9s, l&rsquo;API). Cette participation prend la forme d&rsquo;un forfait unitaire ou peut \u00eatre calcul\u00e9e en fonction des ressources de la personne. Cet h\u00e9bergement permet aux m\u00e8res de b\u00e9n\u00e9ficier d&rsquo;une formation professionnelle adapt\u00e9e, de rechercher ou d&rsquo;exercer un emploi. La dur\u00e9e du s\u00e9jour des femmes est initialement pr\u00e9vue pour une <b>p\u00e9riode de 6 mois renouvelable, avec un maximum de 3 ans<\/b>.<\/p>\n<ul>\n<li>\n<h6 style=\"text-align: left;\"><strong><u>Le centre COLIBRI: <\/u><\/strong><strong><u>Centre\u00a0d&rsquo;h\u00e9bergement M\u00e8re enfants<\/u><\/strong><span style=\"font-weight: 400;\">L\u2019accueil m\u00e8re-enfant a pour objectif d\u2019aider les femmes enceintes ou les m\u00e8res isol\u00e9es accompagn\u00e9es d\u2019enfants de moins de trois ans et qui ont besoin d\u2019un soutien mat\u00e9riel et psychologique. L&rsquo;objectif est d\u2019\u00e9viter les abandons d\u2019enfants.<\/span><\/h6>\n<\/li>\n<\/ul>\n<p style=\"text-align: left;\">\u00a0La dur\u00e9e du s\u00e9jour des femmes est initialement pr\u00e9vue pour une <b>p\u00e9riode de 6 mois renouvelable, avec un maximum de 3 ans<\/b><\/p>\n<ul>\n<li>\n<h6><strong><u>L&rsquo;AMICALE DU NID:\u00a0<\/u><\/strong><\/h6>\n<h6><strong>Sa mission repose sur l<\/strong><strong>&lsquo;accueil et l&rsquo;accompagnement de femmes, d&rsquo;hommes ou de personnes transgenres connaissant ou ayant connu la prostitution et\/ou victimes de traite des \u00eatres humains \u00e0 des fins d&rsquo;exploitation sexuelle.<\/strong><\/h6>\n<h6>Depuis 2011, le service accompagne \u00e9galement des personnes mineures concern\u00e9es par la prostitution et\/ou victimes d&rsquo;exploitation sexuelle.<\/h6>\n<div><\/div>\n<div>Ce site est destin\u00e9 \u00e0 toute personne se sentant concern\u00e9e par la prostitution.<\/div>\n<\/li>\n<\/ul>\n","protected":false},"excerpt":{"rendered":"<p>Association OLYMPE DE GOUGES\u00a0 Situ\u00e9e dans le quartier Saint Cyprien \u00e0 Toulouse, cette association s\u2019adresse \u00e0 des femmes sans enfant victimes de violences conjugales, qui viennent de quitter leur domicile et sont en r\u00e9elle difficult\u00e9s (souvent prises en charge par les urgences m\u00e9dicales). L\u2019objectif de l\u2019association est d\u2019accueillir, d\u2019h\u00e9berger, d\u2019accompagner et d\u2019aider ces femmes dans &hellip; <a href=\"http:\/\/osf31.fr\/?page_id=9\" class=\"more-link\">Continuer la lecture de <span class=\"screen-reader-text\">Nos Partenaires<\/span>  <span class=\"meta-nav\">&rarr;<\/span><\/a><\/p>\n","protected":false},"author":1,"featured_media":127,"parent":0,"menu_order":0,"comment_status":"closed","ping_status":"closed","template":"","meta":{"footnotes":""},"class_list":["post-9","page","type-page","status-publish","has-post-thumbnail","hentry"],"_links":{"self":[{"href":"http:\/\/osf31.fr\/index.php?rest_route=\/wp\/v2\/pages\/9","targetHints":{"allow":["GET"]}}],"collection":[{"href":"http:\/\/osf31.fr\/index.php?rest_route=\/wp\/v2\/pages"}],"about":[{"href":"http:\/\/osf31.fr\/index.php?rest_route=\/wp\/v2\/types\/page"}],"author":[{"embeddable":true,"href":"http:\/\/osf31.fr\/index.php?rest_route=\/wp\/v2\/users\/1"}],"replies":[{"embeddable":true,"href":"http:\/\/osf31.fr\/index.php?rest_route=%2Fwp%2Fv2%2Fcomments&post=9"}],"version-history":[{"count":8,"href":"http:\/\/osf31.fr\/index.php?rest_route=\/wp\/v2\/pages\/9\/revisions"}],"predecessor-version":[{"id":181,"href":"http:\/\/osf31.fr\/index.php?rest_route=\/wp\/v2\/pages\/9\/revisions\/181"}],"wp:featuredmedia":[{"embeddable":true,"href":"http:\/\/osf31.fr\/index.php?rest_route=\/wp\/v2\/media\/127"}],"wp:attachment":[{"href":"http:\/\/osf31.fr\/index.php?rest_route=%2Fwp%2Fv2%2Fmedia&parent=9"}],"curies":[{"name":"wp","href":"https:\/\/api.w.org\/{rel}","templated":true}]}}