{"id":11,"date":"2017-12-10T18:23:40","date_gmt":"2017-12-10T17:23:40","guid":{"rendered":"http:\/\/osf31.fr\/?page_id=11"},"modified":"2017-12-13T21:59:29","modified_gmt":"2017-12-13T20:59:29","slug":"une-section-de-page-daccueil","status":"publish","type":"page","link":"https:\/\/osf31.fr\/?page_id=11","title":{"rendered":"Notre Charte"},"content":{"rendered":"<p><strong>Charte \u00e9thique des femmes ost\u00e9opathes \u00a0\u00ab\u00a0Ost\u00e9opathie Solidarit\u00e9\u00a0au F\u00e9minin 31\u00bb<\/strong><\/p>\n<p>1-Respect, \u00e9coute et empathie envers toutes personnes, et notamment envers les femmes et enfants b\u00e9n\u00e9ficiaires des associations partenaires.<\/p>\n<p>2-Engagement sur une responsabilit\u00e9 assum\u00e9e et rigueur dans l\u2019action.<\/p>\n<p>3-Convivialit\u00e9, esprit d\u2019\u00e9quipe, partage et \u00e9valuation des exp\u00e9riences avec les directrices et les \u00e9quipes des associations partenaires.<\/p>\n<p>4- Ind\u00e9pendance compl\u00e8te \u00e0 l\u2019\u00e9gard du politique et du religieux.<\/p>\n<p>5- Adh\u00e9sion aux directives de l\u2019association.<\/p>\n<p>6-Respect des principes qui r\u00e9gissent les structures o\u00f9 sont effectu\u00e9es les interventions ost\u00e9opathiques.<\/p>\n<p>&nbsp;<\/p>\n<p><strong>LA CHARTE<\/strong><\/p>\n<p><strong>\u00a0<\/strong><strong>\u00a0<\/strong><strong>\u00ab\u00a0OSTEOPATHIE SOLIDARITE AU FEMININ 31\u00a0\u00bb<\/strong><\/p>\n<p>&nbsp;<\/p>\n<p><strong>\u00a0Nous nous engageons \u00e0 :<\/strong><\/p>\n<p><strong>\u00a0<\/strong>Utiliser pleinement notre art ost\u00e9opathique, pour \u00a0aider \u00e0 retrouver ou am\u00e9liorer l&rsquo; \u00e9quilibre de sant\u00e9.<\/p>\n<p>Etre \u00e0 l&rsquo; \u00e9coute, dans le cadre du secret professionnel, dans la douceur et la bienveillance.<\/p>\n<p>Etre disponibles pour communiquer avec les autres th\u00e9rapeutes ou toutes personnes concern\u00e9es par les prises en charge.<\/p>\n<p>Proposer une \u00e0 trois s\u00e9ances maximum cons\u00e9cutives puis un suivi \u00e9ventuel d\u2019une s\u00e9ance annuelle d\u2019entretien.<\/p>\n<p>Les ost\u00e9opathes \u00a0de \u00ab\u00a0Ost\u00e9opathie Solidarit\u00e9\u00a0au F\u00e9minin 31 \u00bb<\/p>\n<p>&nbsp;<\/p>\n","protected":false},"excerpt":{"rendered":"<p>Charte \u00e9thique des femmes ost\u00e9opathes \u00a0\u00ab\u00a0Ost\u00e9opathie Solidarit\u00e9\u00a0au F\u00e9minin 31\u00bb 1-Respect, \u00e9coute et empathie envers toutes personnes, et notamment envers les femmes et enfants b\u00e9n\u00e9ficiaires des associations partenaires. 2-Engagement sur une responsabilit\u00e9 assum\u00e9e et rigueur dans l\u2019action. 3-Convivialit\u00e9, esprit d\u2019\u00e9quipe, partage et \u00e9valuation des exp\u00e9riences avec les directrices et les \u00e9quipes des associations partenaires. 4- Ind\u00e9pendance &hellip; <a href=\"https:\/\/osf31.fr\/?page_id=11\" class=\"more-link\">Continuer la lecture de <span class=\"screen-reader-text\">Notre Charte<\/span>  <span class=\"meta-nav\">&rarr;<\/span><\/a><\/p>\n","protected":false},"author":1,"featured_media":108,"parent":0,"menu_order":0,"comment_status":"closed","ping_status":"closed","template":"","meta":{"footnotes":""},"class_list":["post-11","page","type-page","status-publish","has-post-thumbnail","hentry"],"_links":{"self":[{"href":"https:\/\/osf31.fr\/index.php?rest_route=\/wp\/v2\/pages\/11","targetHints":{"allow":["GET"]}}],"collection":[{"href":"https:\/\/osf31.fr\/index.php?rest_route=\/wp\/v2\/pages"}],"about":[{"href":"https:\/\/osf31.fr\/index.php?rest_route=\/wp\/v2\/types\/page"}],"author":[{"embeddable":true,"href":"https:\/\/osf31.fr\/index.php?rest_route=\/wp\/v2\/users\/1"}],"replies":[{"embeddable":true,"href":"https:\/\/osf31.fr\/index.php?rest_route=%2Fwp%2Fv2%2Fcomments&post=11"}],"version-history":[{"count":4,"href":"https:\/\/osf31.fr\/index.php?rest_route=\/wp\/v2\/pages\/11\/revisions"}],"predecessor-version":[{"id":56,"href":"https:\/\/osf31.fr\/index.php?rest_route=\/wp\/v2\/pages\/11\/revisions\/56"}],"wp:featuredmedia":[{"embeddable":true,"href":"https:\/\/osf31.fr\/index.php?rest_route=\/wp\/v2\/media\/108"}],"wp:attachment":[{"href":"https:\/\/osf31.fr\/index.php?rest_route=%2Fwp%2Fv2%2Fmedia&parent=11"}],"curies":[{"name":"wp","href":"https:\/\/api.w.org\/{rel}","templated":true}]}}