{"id":177,"date":"2025-03-09T22:42:01","date_gmt":"2025-03-09T21:42:01","guid":{"rendered":"http:\/\/osf31.fr\/?page_id=177"},"modified":"2025-07-13T17:11:14","modified_gmt":"2025-07-13T15:11:14","slug":"formation-sur-les-violences-conjugales-et-intrafamiliales","status":"publish","type":"page","link":"https:\/\/osf31.fr\/?page_id=177","title":{"rendered":"Formation sur les violences conjugales et intrafamiliales"},"content":{"rendered":"\n<p>\u00c0 DESTINATION DES OST\u00c9OPATHES, DES PROFESSIONNELS DE SANT\u00c9, <\/p>\n\n\n\n<p>DES ENTREPRISES&#8230;<\/p>\n\n\n\n<p>&nbsp;Objectifs de la formation<\/p>\n\n\n\n<p>\u2022 Comprendre les violences intrafamiliales et conjugales .<\/p>\n\n\n\n<p>\u2022 Identifier leurs impacts sur la sant\u00e9 physique et psychique.<\/p>\n\n\n\n<p>\u2022 Apprendre \u00e0 rep\u00e9rer les signes d\u2019alerte chez les patients, oser la question .<\/p>\n\n\n\n<p>\u2022 Adopter une posture professionnelle adapt\u00e9e.<\/p>\n\n\n\n<p>\u2022 Conna\u00eetre le cadre l\u00e9gal et les obligations professionnelles.<\/p>\n\n\n\n<p>\u2022 Savoir orienter et accompagner les patients.<\/p>\n\n\n\n<p>pour tout renseignement:<\/p>\n\n\n\n<p>Osteo.solidarite.feminin31@gmail.com<\/p>\n\n\n\n<p>Cette formation est pr\u00e9-requise  pour intervenir au sein de notre association.<\/p>\n\n\n\n<figure class=\"wp-block-image size-large is-resized\"><img loading=\"lazy\" decoding=\"async\" width=\"681\" height=\"1024\" src=\"https:\/\/osf31.fr\/wp-content\/uploads\/2025\/07\/melainedemarquet.md@gmail.com_.jpg-681x1024.jpg\" alt=\"\" class=\"wp-image-194\" style=\"width:535px;height:auto\" srcset=\"https:\/\/osf31.fr\/wp-content\/uploads\/2025\/07\/melainedemarquet.md@gmail.com_.jpg-681x1024.jpg 681w, https:\/\/osf31.fr\/wp-content\/uploads\/2025\/07\/melainedemarquet.md@gmail.com_.jpg-200x300.jpg 200w, https:\/\/osf31.fr\/wp-content\/uploads\/2025\/07\/melainedemarquet.md@gmail.com_.jpg-768x1154.jpg 768w, https:\/\/osf31.fr\/wp-content\/uploads\/2025\/07\/melainedemarquet.md@gmail.com_.jpg-1022x1536.jpg 1022w, https:\/\/osf31.fr\/wp-content\/uploads\/2025\/07\/melainedemarquet.md@gmail.com_.jpg.jpg 1331w\" sizes=\"auto, (max-width: 681px) 100vw, 681px\" \/><\/figure>\n","protected":false},"excerpt":{"rendered":"<p>\u00c0 DESTINATION DES OST\u00c9OPATHES, DES PROFESSIONNELS DE SANT\u00c9, DES ENTREPRISES&#8230; &nbsp;Objectifs de la formation \u2022 Comprendre les violences intrafamiliales et conjugales . \u2022 Identifier leurs impacts sur la sant\u00e9 physique et psychique. \u2022 Apprendre \u00e0 rep\u00e9rer les signes d\u2019alerte chez les patients, oser la question . \u2022 Adopter une posture professionnelle adapt\u00e9e. \u2022 Conna\u00eetre le &hellip; <a href=\"https:\/\/osf31.fr\/?page_id=177\" class=\"more-link\">Continuer la lecture de <span class=\"screen-reader-text\">Formation sur les violences conjugales et intrafamiliales<\/span>  <span class=\"meta-nav\">&rarr;<\/span><\/a><\/p>\n","protected":false},"author":1,"featured_media":0,"parent":0,"menu_order":0,"comment_status":"closed","ping_status":"closed","template":"","meta":{"footnotes":""},"class_list":["post-177","page","type-page","status-publish","hentry"],"_links":{"self":[{"href":"https:\/\/osf31.fr\/index.php?rest_route=\/wp\/v2\/pages\/177","targetHints":{"allow":["GET"]}}],"collection":[{"href":"https:\/\/osf31.fr\/index.php?rest_route=\/wp\/v2\/pages"}],"about":[{"href":"https:\/\/osf31.fr\/index.php?rest_route=\/wp\/v2\/types\/page"}],"author":[{"embeddable":true,"href":"https:\/\/osf31.fr\/index.php?rest_route=\/wp\/v2\/users\/1"}],"replies":[{"embeddable":true,"href":"https:\/\/osf31.fr\/index.php?rest_route=%2Fwp%2Fv2%2Fcomments&post=177"}],"version-history":[{"count":7,"href":"https:\/\/osf31.fr\/index.php?rest_route=\/wp\/v2\/pages\/177\/revisions"}],"predecessor-version":[{"id":195,"href":"https:\/\/osf31.fr\/index.php?rest_route=\/wp\/v2\/pages\/177\/revisions\/195"}],"wp:attachment":[{"href":"https:\/\/osf31.fr\/index.php?rest_route=%2Fwp%2Fv2%2Fmedia&parent=177"}],"curies":[{"name":"wp","href":"https:\/\/api.w.org\/{rel}","templated":true}]}}