{"id":2,"date":"2017-12-10T18:16:46","date_gmt":"2017-12-10T17:16:46","guid":{"rendered":"http:\/\/osf31.fr\/?page_id=2"},"modified":"2023-09-15T14:25:40","modified_gmt":"2023-09-15T12:25:40","slug":"page-d-exemple","status":"publish","type":"page","link":"https:\/\/osf31.fr\/?page_id=2","title":{"rendered":"Qui sommes nous?"},"content":{"rendered":"<p>L\u2019association est administr\u00e9e par un conseil selon le mode coll\u00e9gial, pour lequel tous les membres \u00e9lus se trouvent sur le m\u00eame pied d&rsquo;\u00e9galit\u00e9.<\/p>\n<p>Actuellement, trois membres sont co-responsables de l&rsquo;association au conseil d&rsquo;administration: \u00a0Sophie Rohmann, M\u00e9laine Demarquet et Claire Lautier.<\/p>\n<p>14 \u00a0membres sont adh\u00e9rentes dont \u00a0Lesley Ann Ruby , G\u00e9raldine Federspiel, Capucine Peltier, Audrey Audu &#8230;<\/p>\n<p>Toutes sont ost\u00e9opathe DO .<\/p>\n<p>A ce jour, ces \u00a0ost\u00e9opathes assurent des permanences de fa\u00e7on r\u00e9guli\u00e8re et b\u00e9n\u00e9vole.<\/p>\n<p>Pour nous contacter:<\/p>\n<p><strong>osteo.solidarite.feminin31@gmail.com<\/strong><\/p>\n<p>&nbsp;<\/p>\n<p>OSF31 est une association solidaire rattach\u00e9e \u00e0 la FEDOSOLI<\/p>\n<p>www.fedosoli.org<\/p>\n","protected":false},"excerpt":{"rendered":"<p>L\u2019association est administr\u00e9e par un conseil selon le mode coll\u00e9gial, pour lequel tous les membres \u00e9lus se trouvent sur le m\u00eame pied d&rsquo;\u00e9galit\u00e9. Actuellement, trois membres sont co-responsables de l&rsquo;association au conseil d&rsquo;administration: \u00a0Sophie Rohmann, M\u00e9laine Demarquet et Claire Lautier. 14 \u00a0membres sont adh\u00e9rentes dont \u00a0Lesley Ann Ruby , G\u00e9raldine Federspiel, Capucine Peltier, Audrey Audu &hellip; <a href=\"https:\/\/osf31.fr\/?page_id=2\" class=\"more-link\">Continuer la lecture de <span class=\"screen-reader-text\">Qui sommes nous?<\/span>  <span class=\"meta-nav\">&rarr;<\/span><\/a><\/p>\n","protected":false},"author":1,"featured_media":124,"parent":0,"menu_order":0,"comment_status":"closed","ping_status":"open","template":"","meta":{"footnotes":""},"class_list":["post-2","page","type-page","status-publish","has-post-thumbnail","hentry"],"_links":{"self":[{"href":"https:\/\/osf31.fr\/index.php?rest_route=\/wp\/v2\/pages\/2","targetHints":{"allow":["GET"]}}],"collection":[{"href":"https:\/\/osf31.fr\/index.php?rest_route=\/wp\/v2\/pages"}],"about":[{"href":"https:\/\/osf31.fr\/index.php?rest_route=\/wp\/v2\/types\/page"}],"author":[{"embeddable":true,"href":"https:\/\/osf31.fr\/index.php?rest_route=\/wp\/v2\/users\/1"}],"replies":[{"embeddable":true,"href":"https:\/\/osf31.fr\/index.php?rest_route=%2Fwp%2Fv2%2Fcomments&post=2"}],"version-history":[{"count":10,"href":"https:\/\/osf31.fr\/index.php?rest_route=\/wp\/v2\/pages\/2\/revisions"}],"predecessor-version":[{"id":173,"href":"https:\/\/osf31.fr\/index.php?rest_route=\/wp\/v2\/pages\/2\/revisions\/173"}],"wp:featuredmedia":[{"embeddable":true,"href":"https:\/\/osf31.fr\/index.php?rest_route=\/wp\/v2\/media\/124"}],"wp:attachment":[{"href":"https:\/\/osf31.fr\/index.php?rest_route=%2Fwp%2Fv2%2Fmedia&parent=2"}],"curies":[{"name":"wp","href":"https:\/\/api.w.org\/{rel}","templated":true}]}}