{"id":7,"date":"2017-12-10T18:23:40","date_gmt":"2017-12-10T17:23:40","guid":{"rendered":"http:\/\/osf31.fr\/?page_id=7"},"modified":"2017-12-19T17:16:57","modified_gmt":"2017-12-19T16:16:57","slug":"accueil","status":"publish","type":"page","link":"https:\/\/osf31.fr\/?page_id=7","title":{"rendered":"Accueil"},"content":{"rendered":"<p><img loading=\"lazy\" decoding=\"async\" class=\"alignnone size-medium wp-image-42\" src=\"http:\/\/osf31.fr\/wp-content\/uploads\/2017\/12\/cropped-recto-300x270.jpg\" alt=\"\" width=\"300\" height=\"270\" srcset=\"https:\/\/osf31.fr\/wp-content\/uploads\/2017\/12\/cropped-recto-300x270.jpg 300w, https:\/\/osf31.fr\/wp-content\/uploads\/2017\/12\/cropped-recto-768x691.jpg 768w, https:\/\/osf31.fr\/wp-content\/uploads\/2017\/12\/cropped-recto-1024x921.jpg 1024w, https:\/\/osf31.fr\/wp-content\/uploads\/2017\/12\/cropped-recto.jpg 1260w\" sizes=\"auto, (max-width: 300px) 100vw, 300px\" \/><\/p>\n<p>&nbsp;<\/p>\n<p>Association loi 1901<\/p>\n<p>Cr\u00e9\u00e9e en 2013, l\u2019association OSF31 a pour objet d\u2019apporter une assistance dans le domaine de la sant\u00e9 sur le d\u00e9partement de la Haute-Garonne, en dispensant des soins ost\u00e9opathiques pr\u00e9ventifs ou th\u00e9rapeutiques aux femmes et aux enfants victimes de violence physique et psychologique et\/ou en situation pr\u00e9caire.<\/p>\n<p>Selon l\u2019Organisation Mondiale de la Sant\u00e9, les violences au sein du foyer ont une incidence majeure sur la sant\u00e9 des femmes et des enfants subissant ces violences.<\/p>\n<p>Elles entra\u00eenent \u00e0 court et long terme de graves probl\u00e8mes de sant\u00e9 physique, mentale, sexuelle et g\u00e9n\u00e9sique pour les victimes et leurs enfants. \u00a0Les l\u00e9sions traumatiques sont multiples, d\u2019anciennet\u00e9 diff\u00e9rente et de nature tr\u00e8s vari\u00e9es.<\/p>\n<p>Les effets sur la sant\u00e9 peuvent prendre de nombreuses formes, telles que c\u00e9phal\u00e9es, douleurs du dos, douleurs abdominales, fibromyalgies, troubles digestifs, mobilit\u00e9 r\u00e9duite, mauvais \u00e9tat de sant\u00e9 g\u00e9n\u00e9ral, etc.<\/p>\n<p>Tous les maux, qu\u2019ils soient physiques ou psychologiques, ont des r\u00e9sonances partout dans le corps. Ainsi, ils ne perturbent pas qu\u2019un seul syst\u00e8me (musculo-squelettique, digestif, neurologique, vasculaire, hormonal, etc.), mais l\u2019organisme tout entier, entrainant un d\u00e9s\u00e9quilibre de l\u2019\u00e9tat g\u00e9n\u00e9ral de sant\u00e9.<\/p>\n<p>L\u2019ost\u00e9opathie est un syst\u00e8me de soins qui consiste, dans une compr\u00e9hension globale du patient, \u00e0 pr\u00e9venir, diagnostiquer et traiter les dysfonctions par des techniques de manipulation, permettant ainsi de r\u00e9tablir l\u2019harmonie\u00a0dans chacun des syst\u00e8mes du corps.<\/p>\n<p>De nombreux freins peuvent emp\u00eacher les femmes victimes de violences conjugales \u00e0 prendre la d\u00e9cision de consulter un ost\u00e9opathe, tels que\u00a0:<\/p>\n<ul>\n<li>La m\u00e9connaissance de la pratique<\/li>\n<li>Le manque de moyens financiers<\/li>\n<li>La difficult\u00e9 \u00e0 demander de l\u2019aide<\/li>\n<li>Le manque d\u2019int\u00e9r\u00eat pour son propre corps<\/li>\n<li>La difficult\u00e9 \u00e0 s\u2019occuper de soi<\/li>\n<li>L\u2019id\u00e9e erron\u00e9e que la souffrance est un \u00e9tat normal<\/li>\n<\/ul>\n<p>Le but de cette action est donc de rendre les soins ost\u00e9opathiques accessibles \u00e0 ces femmes et \u00e0 leurs enfants (\u00e9galement victimes), et ainsi les accompagner vers un mieux-\u00eatre en soulageant leur corps.<\/p>\n<p>&nbsp;<\/p>\n","protected":false},"excerpt":{"rendered":"<p>&nbsp; Association loi 1901 Cr\u00e9\u00e9e en 2013, l\u2019association OSF31 a pour objet d\u2019apporter une assistance dans le domaine de la sant\u00e9 sur le d\u00e9partement de la Haute-Garonne, en dispensant des soins ost\u00e9opathiques pr\u00e9ventifs ou th\u00e9rapeutiques aux femmes et aux enfants victimes de violence physique et psychologique et\/ou en situation pr\u00e9caire. Selon l\u2019Organisation Mondiale de la &hellip; <a href=\"https:\/\/osf31.fr\/?page_id=7\" class=\"more-link\">Continuer la lecture de <span class=\"screen-reader-text\">Accueil<\/span>  <span class=\"meta-nav\">&rarr;<\/span><\/a><\/p>\n","protected":false},"author":1,"featured_media":0,"parent":0,"menu_order":0,"comment_status":"closed","ping_status":"closed","template":"","meta":{"footnotes":""},"class_list":["post-7","page","type-page","status-publish","hentry"],"_links":{"self":[{"href":"https:\/\/osf31.fr\/index.php?rest_route=\/wp\/v2\/pages\/7","targetHints":{"allow":["GET"]}}],"collection":[{"href":"https:\/\/osf31.fr\/index.php?rest_route=\/wp\/v2\/pages"}],"about":[{"href":"https:\/\/osf31.fr\/index.php?rest_route=\/wp\/v2\/types\/page"}],"author":[{"embeddable":true,"href":"https:\/\/osf31.fr\/index.php?rest_route=\/wp\/v2\/users\/1"}],"replies":[{"embeddable":true,"href":"https:\/\/osf31.fr\/index.php?rest_route=%2Fwp%2Fv2%2Fcomments&post=7"}],"version-history":[{"count":9,"href":"https:\/\/osf31.fr\/index.php?rest_route=\/wp\/v2\/pages\/7\/revisions"}],"predecessor-version":[{"id":143,"href":"https:\/\/osf31.fr\/index.php?rest_route=\/wp\/v2\/pages\/7\/revisions\/143"}],"wp:attachment":[{"href":"https:\/\/osf31.fr\/index.php?rest_route=%2Fwp%2Fv2%2Fmedia&parent=7"}],"curies":[{"name":"wp","href":"https:\/\/api.w.org\/{rel}","templated":true}]}}